{"id":238769,"date":"2021-09-21T11:30:36","date_gmt":"2021-09-21T09:30:36","guid":{"rendered":"http:\/\/test.cafe-blum.de\/?page_id=238769"},"modified":"2021-09-22T20:41:51","modified_gmt":"2021-09-22T18:41:51","slug":"datenschutz-duplikat","status":"publish","type":"page","link":"https:\/\/cafe-blum.de\/?page_id=238769","title":{"rendered":"Datenschutz"},"content":{"rendered":"<p>[et_pb_section fb_built=&#8221;1&#8243; _builder_version=&#8221;4.10.8&#8243; _module_preset=&#8221;default&#8221; global_colors_info=&#8221;{}&#8221;][et_pb_row _builder_version=&#8221;4.10.8&#8243; _module_preset=&#8221;default&#8221; hover_enabled=&#8221;0&#8243; global_colors_info=&#8221;{}&#8221; sticky_enabled=&#8221;0&#8243;][et_pb_column type=&#8221;4_4&#8243; _builder_version=&#8221;4.10.8&#8243; _module_preset=&#8221;default&#8221; global_colors_info=&#8221;{}&#8221;][et_pb_text _builder_version=&#8221;4.10.8&#8243; _module_preset=&#8221;default&#8221; header_text_align=&#8221;left&#8221; hover_enabled=&#8221;0&#8243; sticky_enabled=&#8221;0&#8243;]<\/p>\n<h2 style=\"text-align: left;\"><\/h2>\n<h2 style=\"text-align: left;\">Datenschutzbestimmungen<\/h2>\n<p>&nbsp;<\/p>\n<p>Verantwortlicher im Sinne der Datenschutzgesetze, insbesondere der EU-Datenschutzgrundverordnung (DSGVO), ist:<\/p>\n<p style=\"text-align: left;\"><span style=\"color: #1c1c1c;\">Cafe Blum Kreuter<\/span><br \/><span style=\"color: #1c1c1c;\">Kloppenheimer Weg 6<\/span><br \/><span style=\"color: #1c1c1c;\">65191 Wiesbaden<\/span><br \/><span style=\"color: #1c1c1c;\">Telefon: 0611 50593816<\/span><br \/><span style=\"color: #1c1c1c;\">E-Mail: <\/span><a href=\"mailto:blum@cafe-blum.de\"><span style=\"color: #1c1c1c;\">blum@cafe-blum.de<\/span><\/a><\/p>\n<h3 style=\"text-align: left;\">Ihre Betroffenenrechte<\/h3>\n<p style=\"text-align: left;\">Unter den angegebenen Kontaktdaten unseres Datenschutzbeauftragten k\u00f6nnen Sie jederzeit folgende Rechte aus\u00fcben:<\/p>\n<ul style=\"text-align: left;\">\n<li>Auskunft \u00fcber Ihre bei uns gespeicherten Daten und deren Verarbeitung (Art. 15 DSGVO),<\/li>\n<li>Berichtigung unrichtiger personenbezogener Daten (Art. 16 DSGVO),<\/li>\n<li>L\u00f6schung Ihrer bei uns gespeicherten Daten (Art. 17 DSGVO),<\/li>\n<li>Einschr\u00e4nkung der Datenverarbeitung, sofern wir Ihre Daten aufgrund gesetzlicher Pflichten noch nicht l\u00f6schen d\u00fcrfen (Art. 18 DSGVO),<\/li>\n<li>Widerspruch gegen die Verarbeitung Ihrer Daten bei uns (Art. 21 DSGVO) und<\/li>\n<li>Daten\u00fcbertragbarkeit, sofern Sie in die Datenverarbeitung eingewilligt haben oder einen Vertrag mit uns abgeschlossen haben (Art. 20 DSGVO).<\/li>\n<\/ul>\n<p style=\"text-align: left;\">Sofern Sie uns eine Einwilligung erteilt haben, k\u00f6nnen Sie diese jederzeit mit Wirkung f\u00fcr die Zukunft widerrufen.<\/p>\n<p style=\"text-align: left;\">Sie k\u00f6nnen sich jederzeit mit einer Beschwerde an eine Aufsichtsbeh\u00f6rde wenden, z. B. an die zust\u00e4ndige Aufsichtsbeh\u00f6rde des Bundeslands Ihres Wohnsitzes oder an die f\u00fcr uns als verantwortliche Stelle zust\u00e4ndige Beh\u00f6rde.<\/p>\n<p style=\"text-align: left;\">Eine Liste der Aufsichtsbeh\u00f6rden (f\u00fcr den nicht\u00f6ffentlichen Bereich) mit Anschrift finden Sie unter: <a href=\"https:\/\/www.bfdi.bund.de\/DE\/Service\/Anschriften\/Laender\/Laender-node.html\" target=\"_blank\" rel=\"noopener nofollow\">https:\/\/www.bfdi.bund.de\/DE\/Service\/Anschriften\/Laender\/Laender-node.html<\/a>.<\/p>\n<h3 style=\"text-align: left;\">Erfassung allgemeiner Informationen beim Besuch unserer Website<\/h3>\n<h4 style=\"text-align: left;\">Art und Zweck der Verarbeitung:<\/h4>\n<p style=\"text-align: left;\">Wenn Sie auf unsere Website zugreifen, d.h., wenn Sie sich nicht registrieren oder anderweitig Informationen \u00fcbermitteln, werden automatisch Informationen allgemeiner Natur erfasst. Diese Informationen (Server-Logfiles) beinhalten etwa die Art des Webbrowsers, das verwendete Betriebssystem, den Domainnamen Ihres Internet-Service-Providers, Ihre IP-Adresse und \u00e4hnliches.<\/p>\n<p style=\"text-align: left;\">Sie werden insbesondere zu folgenden Zwecken verarbeitet:<\/p>\n<ul style=\"text-align: left;\">\n<li>Sicherstellung eines problemlosen Verbindungsaufbaus der Website,<\/li>\n<li>Sicherstellung einer reibungslosen Nutzung unserer Website,<\/li>\n<li>Auswertung der Systemsicherheit und -stabilit\u00e4t sowie<\/li>\n<li>zur Optimierung unserer Website.<\/li>\n<\/ul>\n<p style=\"text-align: left;\">Wir verwenden Ihre Daten nicht, um R\u00fcckschl\u00fcsse auf Ihre Person zu ziehen. Informationen dieser Art werden von uns ggfs. anonymisiert statistisch ausgewertet, um unseren Internetauftritt und die dahinterstehende Technik zu optimieren.<\/p>\n<h4 style=\"text-align: left;\">Rechtsgrundlage und berechtigtes Interesse:<\/h4>\n<p style=\"text-align: left;\">Die Verarbeitung erfolgt gem\u00e4\u00df Art. 6 Abs. 1 lit. f DSGVO auf Basis unseres berechtigten Interesses an der Verbesserung der Stabilit\u00e4t und Funktionalit\u00e4t unserer Website.<\/p>\n<h4 style=\"text-align: left;\">Empf\u00e4nger:<\/h4>\n<p style=\"text-align: left;\">Empf\u00e4nger der Daten sind ggf. technische Dienstleister, die f\u00fcr den Betrieb und die Wartung unserer Webseite als Auftragsverarbeiter t\u00e4tig werden.<\/p>\n<h4 style=\"text-align: left;\">Speicherdauer:<\/h4>\n<p style=\"text-align: left;\">Die Daten werden gel\u00f6scht, sobald diese f\u00fcr den Zweck der Erhebung nicht mehr erforderlich sind. Dies ist f\u00fcr die Daten, die der Bereitstellung der Website dienen, grunds\u00e4tzlich der Fall, wenn die jeweilige Sitzung beendet ist.<\/p>\n<p style=\"text-align: left;\">Im Falle der Speicherung der Daten in Logfiles ist dies nach sp\u00e4testens 14 Tagen der Fall. Eine dar\u00fcberhinausgehende Speicherung ist m\u00f6glich. In diesem Fall werden die IP-Adressen der Nutzer anonymisiert, sodass eine Zuordnung des aufrufenden Clients nicht mehr m\u00f6glich ist.<\/p>\n<h4 style=\"text-align: left;\">Bereitstellung vorgeschrieben oder erforderlich:<\/h4>\n<p style=\"text-align: left;\">Die Bereitstellung der vorgenannten personenbezogenen Daten ist weder gesetzlich noch vertraglich vorgeschrieben. Ohne die IP-Adresse ist jedoch der Dienst und die Funktionsf\u00e4higkeit unserer Website nicht gew\u00e4hrleistet. Zudem k\u00f6nnen einzelne Dienste und Services nicht verf\u00fcgbar oder eingeschr\u00e4nkt sein. Aus diesem Grund ist ein Widerspruch ausgeschlossen.<\/p>\n<h2 style=\"text-align: left;\">Cookies<\/h2>\n<p style=\"text-align: left;\">Wie viele andere Webseiten verwenden wir auch so genannte \u201eCookies\u201c. Bei Cookies handelt es sich um kleine Textdateien, die auf Ihrem Endger\u00e4t (Laptop, Tablet, Smartphone o.\u00e4.) gespeichert werden, wenn Sie unsere Webseite besuchen.<\/p>\n<p style=\"text-align: left;\">Sie k\u00f6nnen Sie einzelne Cookies oder den gesamten Cookie-Bestand l\u00f6schen. Dar\u00fcber hinaus erhalten Sie Informationen und Anleitungen, wie diese Cookies gel\u00f6scht oder deren Speicherung vorab blockiert werden k\u00f6nnen. Je nach Anbieter Ihres Browsers finden Sie die notwendigen Informationen unter den nachfolgenden Links:<\/p>\n<ul style=\"text-align: left;\">\n<li>Mozilla Firefox: <a href=\"https:\/\/support.mozilla.org\/de\/kb\/cookies-loeschen-daten-von-websites-entfernen\" target=\"_blank\" rel=\"nofollow noopener\">https:\/\/support.mozilla.org\/de\/kb\/cookies-loeschen-daten-von-websites-entfernen<\/a><\/li>\n<li>Internet Explorer: <a href=\"https:\/\/support.microsoft.com\/de-de\/help\/17442\/windows-internet-explorer-delete-manage-cookies\" target=\"_blank\" rel=\"nofollow noopener\">https:\/\/support.microsoft.com\/de-de\/help\/17442\/windows-internet-explorer-delete-manage-cookies<\/a><\/li>\n<li>Google Chrome: <a href=\"https:\/\/support.google.com\/accounts\/answer\/61416?hl=de\" target=\"_blank\" rel=\"nofollow noopener\">https:\/\/support.google.com\/accounts\/answer\/61416?hl=de<\/a><\/li>\n<li>Opera: <a href=\"http:\/\/www.opera.com\/de\/help\" target=\"_blank\" rel=\"nofollow noopener\">http:\/\/www.opera.com\/de\/help<\/a><\/li>\n<li>Safari: <a href=\"https:\/\/support.apple.com\/kb\/PH17191?locale=de_DE[&amp;]viewlocale=de_DE\" target=\"_blank\" rel=\"nofollow noopener\">https:\/\/support.apple.com\/kb\/PH17191?locale=de_DE[&amp;]viewlocale=de_DE<\/a><\/li>\n<\/ul>\n<h3 style=\"text-align: left;\"><\/h3>\n<h3 style=\"text-align: left;\"><\/h3>\n<h3 style=\"text-align: left;\"><\/h3>\n<h4 style=\"text-align: left;\">Speicherdauer und eingesetzte Cookies:<\/h4>\n<p style=\"text-align: left;\">Soweit Sie uns durch Ihre Browsereinstellungen oder Zustimmung die Verwendung von Cookies erlauben, k\u00f6nnen folgende Cookies auf unseren Webseiten zum Einsatz kommen:<\/p>\n<p style=\"text-align: left;\">Technisch notwendige Cookies (Session Cookies). Session Cookies werden nur \u00fcber die Dauer der Browser-Sitzung gespeichert und verfallen beim Beenden des Browser.<\/p>\n<h3 style=\"text-align: left;\">Technisch notwendige Cookies<\/h3>\n<h4 style=\"text-align: left;\">Art und Zweck der Verarbeitung:<\/h4>\n<p style=\"text-align: left;\">Wir setzen Cookies ein, um unsere Website nutzerfreundlicher zu gestalten. Einige Elemente unserer Internetseite erfordern es, dass der aufrufende Browser auch nach einem Seitenwechsel identifiziert werden kann.<\/p>\n<p style=\"text-align: left;\">Der Zweck der Verwendung technisch notwendiger Cookies ist, die Nutzung von Websites f\u00fcr die Nutzer zu vereinfachen. Einige Funktionen unserer Internetseite k\u00f6nnen ohne den Einsatz von Cookies nicht angeboten werden. F\u00fcr diese ist es erforderlich, dass der Browser auch nach einem Seitenwechsel wiedererkannt wird.<\/p>\n<p style=\"text-align: left;\">F\u00fcr folgende Anwendungen ben\u00f6tigen wir Cookies:<\/p>\n<ul style=\"text-align: left;\">\n<li>Warenkorb<\/li>\n<li>\u00dcbernahme von Spracheinstellungen<\/li>\n<li>Reservierungsdaten<\/li>\n<\/ul>\n<h4 style=\"text-align: left;\">Rechtsgrundlage und berechtigtes Interesse:<\/h4>\n<p style=\"text-align: left;\">Die Verarbeitung erfolgt gem\u00e4\u00df Art. 6 Abs. 1 lit. f DSGVO auf Basis unseres berechtigten Interesses an einer nutzerfreundlichen Gestaltung unserer Website.<\/p>\n<h4 style=\"text-align: left;\">Empf\u00e4nger:<\/h4>\n<p style=\"text-align: left;\">Empf\u00e4nger der Daten sind ggf. technische Dienstleister, die f\u00fcr den Betrieb und die Wartung unserer Website als Auftragsverarbeiter t\u00e4tig werden.<\/p>\n<h4 style=\"text-align: left;\">Bereitstellung vorgeschrieben oder erforderlich:<\/h4>\n<p style=\"text-align: left;\">Die Bereitstellung der vorgenannten personenbezogenen Daten ist weder gesetzlich noch vertraglich vorgeschrieben. Ohne diese Daten ist jedoch der Dienst und die Funktionsf\u00e4higkeit unserer Website nicht gew\u00e4hrleistet. Zudem k\u00f6nnen einzelne Dienste und Services nicht verf\u00fcgbar oder eingeschr\u00e4nkt sein.<\/p>\n<h4 style=\"text-align: left;\">Widerspruch<\/h4>\n<p style=\"text-align: left;\">Lesen Sie dazu die Informationen \u00fcber Ihr Widerspruchsrecht nach Art. 21 DSGVO weiter unten.<\/p>\n<h4 style=\"text-align: left;\">Eingebundene Dienste Dritter<\/h4>\n<p style=\"text-align: left;\">Unsere Website nutzt ein sogenantes Widget zum Bestellen, Reservieren und Abholen der Firma &#8220;Gastronovi&#8221;. Dieser Dienst verbindet sich mit der Website von Gastronovi, wobei ebenfalls Session-Cookies angelegt werden, die f\u00fcr den Bestellvorgang technisch notwendig sind.<br \/>Zus\u00e4tzlich erhebt Gastronovi statistische Daten Ihres Besuchs durch das Local-Storage Ihres Browsers. Dies wird gesondert erkl\u00e4rt, wenn Sie dem Link &#8220;Datneschutz&#8221; innerhalb des Widgets folgen. Wenn Sie dort das H\u00e4kchen abw\u00e4hlen, k\u00f6nnen Sie damit die statistische Erhebung deaktivieren.<\/p>\n<h3 style=\"text-align: left;\">Registrierung auf unserer Website<\/h3>\n<h4 style=\"text-align: left;\">Art und Zweck der Verarbeitung:<\/h4>\n<p style=\"text-align: left;\">F\u00fcr die Registrierung auf unserer Website ben\u00f6tigen wir einige personenbezogene Daten, die \u00fcber eine Eingabemaske an uns \u00fcbermittelt werden.<\/p>\n<p style=\"text-align: left;\">Ihre Registrierung ist f\u00fcr die Abwicklung von Reservierungen, Vorbestellungen oder Abholtermine auf unserer Website erforderlich.<\/p>\n<h4 style=\"text-align: left;\">Rechtsgrundlage:<\/h4>\n<p style=\"text-align: left;\">Die Verarbeitung der bei der Registrierung eingegebenen Daten erfolgt auf Grundlage einer Einwilligung des Nutzers (Art. 6 Abs. 1 lit. a DSGVO).<\/p>\n<h4 style=\"text-align: left;\">Empf\u00e4nger:<\/h4>\n<p style=\"text-align: left;\">Empf\u00e4nger der Daten sind ggf. technische Dienstleister, die f\u00fcr den Betrieb und die Wartung unserer Website als Auftragsverarbeiter t\u00e4tig werden.<\/p>\n<h4 style=\"text-align: left;\">Speicherdauer:<\/h4>\n<p style=\"text-align: left;\">Daten werden in diesem Zusammenhang nur verarbeitet, solange die entsprechende Einwilligung vorliegt.<\/p>\n<h4 style=\"text-align: left;\">Bereitstellung vorgeschrieben oder erforderlich:<\/h4>\n<p style=\"text-align: left;\">Die Bereitstellung Ihrer personenbezogenen Daten erfolgt freiwillig, allein auf Basis Ihrer Einwilligung. Ohne die Bereitstellung Ihrer personenbezogenen Daten k\u00f6nnen wir Ihnen keinen Zugang auf unsere angebotenen Inhalte gew\u00e4hren.<\/p>\n<h3 style=\"text-align: left;\">Erbringung kostenpflichtiger Leistungen<\/h3>\n<p>Art und Zweck der Verarbeitung:<\/p>\n<p style=\"text-align: left;\">Zur Erbringung kostenpflichtiger Leistungen werden von uns zus\u00e4tzliche Daten erfragt, wie z.B. Zahlungsangaben, um Ihre Bestellung ausf\u00fchren zu k\u00f6nnen.<\/p>\n<h4 style=\"text-align: left;\">Rechtsgrundlage:<\/h4>\n<p style=\"text-align: left;\">Die Verarbeitung der Daten, die f\u00fcr den Abschluss des Vertrages erforderlich ist, basiert auf Art. 6 Abs. 1 lit. b DSGVO.<\/p>\n<h4 style=\"text-align: left;\">Empf\u00e4nger:<\/h4>\n<p style=\"text-align: left;\">Empf\u00e4nger der Daten sind ggf. Auftragsverarbeiter.<\/p>\n<h4 style=\"text-align: left;\">Speicherdauer:<\/h4>\n<p style=\"text-align: left;\">Wir speichern diese Daten in unseren Systemen bis die gesetzlichen Aufbewahrungsfristen abgelaufen sind. Diese betragen grunds\u00e4tzlich 6 oder 10 Jahre aus Gr\u00fcnden der ordnungsm\u00e4\u00dfigen Buchf\u00fchrung und steuerrechtlichen Anforderungen.<\/p>\n<h4 style=\"text-align: left;\">Bereitstellung vorgeschrieben oder erforderlich:<\/h4>\n<p style=\"text-align: left;\">Die Bereitstellung Ihrer personenbezogenen Daten erfolgt freiwillig. Ohne die Bereitstellung Ihrer personenbezogenen Daten k\u00f6nnen wir Ihnen keinen Zugang auf unsere angebotenen Inhalte und Leistungen gew\u00e4hren.<\/p>\n<h3 style=\"text-align: left;\">SSL-Verschl\u00fcsselung<\/h3>\n<p style=\"text-align: left;\">Um die Sicherheit Ihrer Daten bei der \u00dcbertragung zu sch\u00fctzen, verwenden wir dem aktuellen Stand der Technik entsprechende Verschl\u00fcsselungsverfahren (z. B. SSL) \u00fcber HTTPS.<\/p>\n<p>Information \u00fcber Ihr Widerspruchsrecht nach Art. 21 DSGVO<\/p>\n<h4 style=\"text-align: left;\">Einzelfallbezogenes Widerspruchsrecht<\/h4>\n<p>Sie haben das Recht, aus Gr\u00fcnden, die sich aus Ihrer besonderen Situation ergeben, jederzeit gegen die Verarbeitung Sie betreffender personenbezogener Daten, die aufgrund Art. 6 Abs. 1 lit. f DSGVO (Datenverarbeitung auf der Grundlage einer Interessenabw\u00e4gung) erfolgt, Widerspruch einzulegen; dies gilt auch f\u00fcr ein auf diese Bestimmung gest\u00fctztes Profiling im Sinne von Art. 4 Nr. 4 DSGVO.<\/p>\n<p>Legen Sie Widerspruch ein, werden wir Ihre personenbezogenen Daten nicht mehr verarbeiten, es sei denn, wir k\u00f6nnen zwingende schutzw\u00fcrdige Gr\u00fcnde f\u00fcr die Verarbeitung nachweisen, die Ihre Interessen, Rechte und Freiheiten \u00fcberwiegen, oder die Verarbeitung dient der Geltendmachung, Aus\u00fcbung oder Verteidigung von Rechtsanspr\u00fcchen.<\/p>\n<p>&nbsp;<\/p>\n<h3 style=\"text-align: left;\">Empf\u00e4nger eines Widerspruchs<\/h3>\n<p style=\"text-align: left;\">Tatjana Kreuter<br \/>Kloppenheimer Weg 6<br \/>65191 Wiesbaden<br \/>Telefon: 0611 50593816<br \/>E-Mail: <a href=\"mailto:blum@cafe-blum.de\">blum@cafe-blum.de<\/a><\/p>\n<h3 style=\"text-align: left;\">\u00c4nderung unserer Datenschutzbestimmungen<\/h3>\n<p style=\"text-align: left;\">Wir behalten uns vor, diese Datenschutzerkl\u00e4rung anzupassen, damit sie stets den aktuellen rechtlichen Anforderungen entspricht oder um \u00c4nderungen unserer Leistungen in der Datenschutzerkl\u00e4rung umzusetzen, z.B. bei der Einf\u00fchrung neuer Services. F\u00fcr Ihren erneuten Besuch gilt dann die neue Datenschutzerkl\u00e4rung.<\/p>\n<h3 style=\"text-align: left;\">Fragen an den Datenschutzbeauftragten<\/h3>\n<p>Wenn Sie Fragen zum Datenschutz haben, schreiben Sie uns bitte eine E-Mail oder wenden Sie sich direkt an die f\u00fcr den Datenschutz verantwortliche Person in unserer Organisation:<\/p>\n<p style=\"text-align: left;\">Tatjana Kreuter<br \/>Kloppenheimer Weg 6<br \/>65191 Wiesbaden<br \/>Telefon: 0611 50593816<br \/>E-Mail: <a href=\"mailto:blum@cafe-blum.de\">blum@cafe-blum.de<\/a><\/p>\n<p style=\"text-align: left;\"><em>Die Datenschutzerkl\u00e4rung wurde mithilfe der activeMind AG erstellt, den Experten f\u00fcr <a href=\"https:\/\/www.activemind.de\/datenschutz\/datenschutzbeauftragter\/\" target=\"_blank\" rel=\"noopener\">externe Datenschutzbeauftragte<\/a> (Version #2020-09-30).<\/em><\/p>\n<p>[\/et_pb_text][\/et_pb_column][\/et_pb_row][\/et_pb_section]<\/p>\n","protected":false},"excerpt":{"rendered":"<p>Datenschutzbestimmungen &nbsp; Verantwortlicher im Sinne der Datenschutzgesetze, insbesondere der EU-Datenschutzgrundverordnung (DSGVO), ist: Cafe Blum KreuterKloppenheimer Weg 665191 WiesbadenTelefon: 0611 50593816E-Mail: blum@cafe-blum.de Ihre Betroffenenrechte Unter den angegebenen Kontaktdaten unseres Datenschutzbeauftragten k\u00f6nnen Sie jederzeit folgende Rechte aus\u00fcben: Auskunft \u00fcber Ihre bei uns gespeicherten Daten und deren Verarbeitung (Art. 15 DSGVO), Berichtigung unrichtiger personenbezogener Daten (Art. 16 DSGVO), [&hellip;]<\/p>\n","protected":false},"author":1,"featured_media":0,"parent":0,"menu_order":0,"comment_status":"closed","ping_status":"closed","template":"","meta":{"_et_pb_use_builder":"on","_et_pb_old_content":"","_et_gb_content_width":"","footnotes":""},"class_list":["post-238769","page","type-page","status-publish","hentry"],"_links":{"self":[{"href":"https:\/\/cafe-blum.de\/index.php?rest_route=\/wp\/v2\/pages\/238769","targetHints":{"allow":["GET"]}}],"collection":[{"href":"https:\/\/cafe-blum.de\/index.php?rest_route=\/wp\/v2\/pages"}],"about":[{"href":"https:\/\/cafe-blum.de\/index.php?rest_route=\/wp\/v2\/types\/page"}],"author":[{"embeddable":true,"href":"https:\/\/cafe-blum.de\/index.php?rest_route=\/wp\/v2\/users\/1"}],"replies":[{"embeddable":true,"href":"https:\/\/cafe-blum.de\/index.php?rest_route=%2Fwp%2Fv2%2Fcomments&post=238769"}],"version-history":[{"count":10,"href":"https:\/\/cafe-blum.de\/index.php?rest_route=\/wp\/v2\/pages\/238769\/revisions"}],"predecessor-version":[{"id":238876,"href":"https:\/\/cafe-blum.de\/index.php?rest_route=\/wp\/v2\/pages\/238769\/revisions\/238876"}],"wp:attachment":[{"href":"https:\/\/cafe-blum.de\/index.php?rest_route=%2Fwp%2Fv2%2Fmedia&parent=238769"}],"curies":[{"name":"wp","href":"https:\/\/api.w.org\/{rel}","templated":true}]}}